{"id":3565,"date":"2026-01-31T17:28:54","date_gmt":"2026-01-31T17:28:54","guid":{"rendered":"https:\/\/saharaessence.io\/product\/cookies\/"},"modified":"2026-01-31T17:28:54","modified_gmt":"2026-01-31T17:28:54","slug":"cookies","status":"publish","type":"product","link":"https:\/\/saharaessence.io\/ro\/produs\/cookies\/","title":{"rendered":"Cookies"},"content":{"rendered":"","protected":false},"excerpt":{"rendered":"<h3><strong>COOCKIES<\/strong><\/h3>\n<h5>PARFUM DE CAMERA<\/h5>\n<h5>500ML<\/h5>\n<p data-start=\"138\" data-end=\"453\"><strong data-start=\"138\" data-end=\"149\">Cookies<\/strong> \u00ee\u021bi \u00eenv\u0103luie casa \u00een aroma reconfortant\u0103 a fursecurilor cu ciocolat\u0103 proasp\u0103t coapte, direct din cuptor.<br data-start=\"253\" data-end=\"256\">Ciocolata bogat\u0103, aluatul cald \u0219i o dulcea\u021b\u0103 delicat\u0103 umplu aerul, cre\u00e2nd o atmosfer\u0103 confortabil\u0103 \u0219i primitoare, familiar\u0103 \u0219i reconfortant\u0103. Face instantaneu orice spa\u021biu s\u0103 se simt\u0103 cald, locuit \u0219i iubit.<\/p>\n<p data-start=\"455\" data-end=\"686\"><strong data-start=\"455\" data-end=\"486\">Cum \u00ee\u021bi \u00eembun\u0103t\u0103\u021be\u0219te spa\u021biul:<br data-start=\"486\" data-end=\"489\">Creeaz\u0103 o senza\u021bie de confort \u0219i fericire, f\u0103c\u00e2ndu-i pe oaspe\u021bi s\u0103 se simt\u0103 ca acas\u0103 din momentul \u00een care intr\u0103 \u2014 perfect pentru seri, spa\u021bii de familie \u0219i momente \u00een care vrei ca locuin\u021ba ta s\u0103 fie cald\u0103 \u0219i primitoare.<\/strong><\/p>\n<p>&nbsp;<\/p>\n","protected":false},"featured_media":3412,"comment_status":"closed","ping_status":"closed","template":"","meta":[],"product_brand":[],"product_cat":[67],"product_tag":[],"class_list":{"0":"post-3565","1":"product","2":"type-product","3":"status-publish","4":"has-post-thumbnail","6":"product_cat-parfum-de-camera","8":"first","9":"outofstock","10":"taxable","11":"shipping-taxable","12":"purchasable","13":"product-type-simple"},"jetpack_sharing_enabled":true,"_links":{"self":[{"href":"https:\/\/saharaessence.io\/ro\/wp-json\/wp\/v2\/product\/3565","targetHints":{"allow":["GET"]}}],"collection":[{"href":"https:\/\/saharaessence.io\/ro\/wp-json\/wp\/v2\/product"}],"about":[{"href":"https:\/\/saharaessence.io\/ro\/wp-json\/wp\/v2\/types\/product"}],"replies":[{"embeddable":true,"href":"https:\/\/saharaessence.io\/ro\/wp-json\/wp\/v2\/comments?post=3565"}],"version-history":[{"count":0,"href":"https:\/\/saharaessence.io\/ro\/wp-json\/wp\/v2\/product\/3565\/revisions"}],"wp:featuredmedia":[{"embeddable":true,"href":"https:\/\/saharaessence.io\/ro\/wp-json\/wp\/v2\/media\/3412"}],"wp:attachment":[{"href":"https:\/\/saharaessence.io\/ro\/wp-json\/wp\/v2\/media?parent=3565"}],"wp:term":[{"taxonomy":"product_brand","embeddable":true,"href":"https:\/\/saharaessence.io\/ro\/wp-json\/wp\/v2\/product_brand?post=3565"},{"taxonomy":"product_cat","embeddable":true,"href":"https:\/\/saharaessence.io\/ro\/wp-json\/wp\/v2\/product_cat?post=3565"},{"taxonomy":"product_tag","embeddable":true,"href":"https:\/\/saharaessence.io\/ro\/wp-json\/wp\/v2\/product_tag?post=3565"}],"curies":[{"name":"wp","href":"https:\/\/api.w.org\/{rel}","templated":true}]}}