{"id":3563,"date":"2026-01-29T11:18:20","date_gmt":"2026-01-29T11:18:20","guid":{"rendered":"https:\/\/saharaessence.io\/product\/everyday-glam-velvet\/"},"modified":"2026-01-29T11:18:20","modified_gmt":"2026-01-29T11:18:20","slug":"everyday-glam-velvet","status":"publish","type":"product","link":"https:\/\/saharaessence.io\/ro\/produs\/everyday-glam-velvet\/","title":{"rendered":"Everyday Glam &#8211; Velvet"},"content":{"rendered":"<p><img fetchpriority=\"high\" decoding=\"async\" class=\"alignnone size-medium wp-image-3290\" src=\"https:\/\/saharaessence.io\/wp-content\/uploads\/2024\/01\/Velvet-Accord-300x300.png\" alt=\"\" width=\"300\" height=\"300\" srcset=\"https:\/\/saharaessence.io\/wp-content\/uploads\/2024\/01\/Velvet-Accord-300x300.png 300w, https:\/\/saharaessence.io\/wp-content\/uploads\/2024\/01\/Velvet-Accord-150x150.png 150w, https:\/\/saharaessence.io\/wp-content\/uploads\/2024\/01\/Velvet-Accord-768x768.png 768w, https:\/\/saharaessence.io\/wp-content\/uploads\/2024\/01\/Velvet-Accord-600x600.png 600w, https:\/\/saharaessence.io\/wp-content\/uploads\/2024\/01\/Velvet-Accord-100x100.png 100w, https:\/\/saharaessence.io\/wp-content\/uploads\/2024\/01\/Velvet-Accord.png 1024w\" sizes=\"(max-width: 300px) 100vw, 300px\" \/><\/p>\n","protected":false},"excerpt":{"rendered":"<ol>\n<li><strong> EXTRAIT DE PARFUM<\/strong><\/li>\n<\/ol>\n<h5>50ML \/ 1.7OZ (TRANSPORT GRATUIT ROMANIA<strong>)<\/strong><\/h5>\n<p data-start=\"141\" data-end=\"388\"><strong data-start=\"141\" data-end=\"151\">Velvet<\/strong> se simte romantic, fin \u0219i reconfortant.<br data-start=\"191\" data-end=\"194\">Un trandafir delicat \u00eenv\u0103luit \u00een fructe moi, c\u0103ldur\u0103 pudrat\u0103 \u0219i mosc bl\u00e2nd \u2014 elegant f\u0103r\u0103 a fi greu, senzual f\u0103r\u0103 a fi zgomotos. Este parfumul apropierii, c\u0103ldurii \u0219i feminit\u0103\u021bii naturale. <\/p>\n<p data-start=\"390\" data-end=\"533\"><strong data-start=\"390\" data-end=\"412\">IMPACT:<\/strong><br data-start=\"412\" data-end=\"415\">Te face s\u0103 te sim\u021bi delicat\u0103, dar \u00eencrez\u0103toare, abordabil\u0103, dar memorabil\u0103 \u2014 perfect\u0103 pentru elegan\u021ba de zi cu zi \u0219i momentele intime.<\/p>\n","protected":false},"featured_media":3555,"comment_status":"closed","ping_status":"closed","template":"","meta":[],"product_brand":[],"product_cat":[66],"product_tag":[],"class_list":{"0":"post-3563","1":"product","2":"type-product","3":"status-publish","4":"has-post-thumbnail","6":"product_cat-everyday-glam","8":"first","9":"instock","10":"taxable","11":"shipping-taxable","12":"purchasable","13":"product-type-simple"},"jetpack_sharing_enabled":true,"_links":{"self":[{"href":"https:\/\/saharaessence.io\/ro\/wp-json\/wp\/v2\/product\/3563","targetHints":{"allow":["GET"]}}],"collection":[{"href":"https:\/\/saharaessence.io\/ro\/wp-json\/wp\/v2\/product"}],"about":[{"href":"https:\/\/saharaessence.io\/ro\/wp-json\/wp\/v2\/types\/product"}],"replies":[{"embeddable":true,"href":"https:\/\/saharaessence.io\/ro\/wp-json\/wp\/v2\/comments?post=3563"}],"version-history":[{"count":0,"href":"https:\/\/saharaessence.io\/ro\/wp-json\/wp\/v2\/product\/3563\/revisions"}],"wp:featuredmedia":[{"embeddable":true,"href":"https:\/\/saharaessence.io\/ro\/wp-json\/wp\/v2\/media\/3555"}],"wp:attachment":[{"href":"https:\/\/saharaessence.io\/ro\/wp-json\/wp\/v2\/media?parent=3563"}],"wp:term":[{"taxonomy":"product_brand","embeddable":true,"href":"https:\/\/saharaessence.io\/ro\/wp-json\/wp\/v2\/product_brand?post=3563"},{"taxonomy":"product_cat","embeddable":true,"href":"https:\/\/saharaessence.io\/ro\/wp-json\/wp\/v2\/product_cat?post=3563"},{"taxonomy":"product_tag","embeddable":true,"href":"https:\/\/saharaessence.io\/ro\/wp-json\/wp\/v2\/product_tag?post=3563"}],"curies":[{"name":"wp","href":"https:\/\/api.w.org\/{rel}","templated":true}]}}