{"id":3560,"date":"2026-01-29T11:24:40","date_gmt":"2026-01-29T11:24:40","guid":{"rendered":"https:\/\/saharaessence.io\/product\/everyday-glam-emerald-oud\/"},"modified":"2026-03-19T06:46:33","modified_gmt":"2026-03-19T06:46:33","slug":"everyday-glam-emerald-oud","status":"publish","type":"product","link":"https:\/\/saharaessence.io\/ro\/produs\/everyday-glam-emerald-oud\/","title":{"rendered":"Everyday Glam &#8211; Emerald Oud"},"content":{"rendered":"<p><img fetchpriority=\"high\" decoding=\"async\" class=\"alignnone size-medium wp-image-3274\" src=\"https:\/\/saharaessence.io\/wp-content\/uploads\/2024\/01\/Emeral-Oud-Accord-300x300.png\" alt=\"\" width=\"300\" height=\"300\" srcset=\"https:\/\/saharaessence.io\/wp-content\/uploads\/2024\/01\/Emeral-Oud-Accord-300x300.png 300w, https:\/\/saharaessence.io\/wp-content\/uploads\/2024\/01\/Emeral-Oud-Accord-150x150.png 150w, https:\/\/saharaessence.io\/wp-content\/uploads\/2024\/01\/Emeral-Oud-Accord-768x768.png 768w, https:\/\/saharaessence.io\/wp-content\/uploads\/2024\/01\/Emeral-Oud-Accord-600x600.png 600w, https:\/\/saharaessence.io\/wp-content\/uploads\/2024\/01\/Emeral-Oud-Accord-100x100.png 100w, https:\/\/saharaessence.io\/wp-content\/uploads\/2024\/01\/Emeral-Oud-Accord.png 1024w\" sizes=\"(max-width: 300px) 100vw, 300px\" \/><\/p>\n","protected":false},"excerpt":{"rendered":"<h5><strong> EXTRAIT DE PARFUM<\/strong><\/h5>\n<h5>59ML \/ 1.7OZ (TRANSPORT GRATUIT ROMANIA)<strong><br \/><\/strong><\/h5>\n<p data-start=\"111\" data-end=\"382\"><strong data-start=\"111\" data-end=\"126\">Emerald Oud<\/strong> Se simte bogat, \u00eencrez\u0103tor \u0219i inconfundabil de luxos.<br data-start=\"177\" data-end=\"180\">Oud-ul profund se \u00eembin\u0103 cu lemne calde \u0219i o dulcea\u021b\u0103 subtil\u0103, cre\u00e2nd o prezen\u021b\u0103 \u00eendr\u0103znea\u021b\u0103, dar rafinat\u0103. Este puternic f\u0103r\u0103 a fi agresiv \u2014 elegant, impun\u0103tor \u0219i construit pentru cei care conduc mai degrab\u0103 dec\u00e2t urmeaz\u0103.<\/p>\n<p data-start=\"384\" data-end=\"542\"><strong data-start=\"384\" data-end=\"406\">IMPACT:<\/strong><br data-start=\"406\" data-end=\"409\">\u00ce\u021bi \u00eent\u0103re\u0219te prezen\u021ba, semnaleaz\u0103 autoritate \u0219i gust \u0219i las\u0103 o impresie de durat\u0103 \u00een contexte formale \u0219i seri importante.<\/p>\n","protected":false},"featured_media":3553,"comment_status":"closed","ping_status":"closed","template":"","meta":[],"product_brand":[],"product_cat":[66],"product_tag":[],"class_list":{"0":"post-3560","1":"product","2":"type-product","3":"status-publish","4":"has-post-thumbnail","6":"product_cat-everyday-glam","8":"first","9":"instock","10":"taxable","11":"shipping-taxable","12":"purchasable","13":"product-type-simple"},"jetpack_sharing_enabled":true,"_links":{"self":[{"href":"https:\/\/saharaessence.io\/ro\/wp-json\/wp\/v2\/product\/3560","targetHints":{"allow":["GET"]}}],"collection":[{"href":"https:\/\/saharaessence.io\/ro\/wp-json\/wp\/v2\/product"}],"about":[{"href":"https:\/\/saharaessence.io\/ro\/wp-json\/wp\/v2\/types\/product"}],"replies":[{"embeddable":true,"href":"https:\/\/saharaessence.io\/ro\/wp-json\/wp\/v2\/comments?post=3560"}],"version-history":[{"count":1,"href":"https:\/\/saharaessence.io\/ro\/wp-json\/wp\/v2\/product\/3560\/revisions"}],"predecessor-version":[{"id":3562,"href":"https:\/\/saharaessence.io\/ro\/wp-json\/wp\/v2\/product\/3560\/revisions\/3562"}],"wp:featuredmedia":[{"embeddable":true,"href":"https:\/\/saharaessence.io\/ro\/wp-json\/wp\/v2\/media\/3553"}],"wp:attachment":[{"href":"https:\/\/saharaessence.io\/ro\/wp-json\/wp\/v2\/media?parent=3560"}],"wp:term":[{"taxonomy":"product_brand","embeddable":true,"href":"https:\/\/saharaessence.io\/ro\/wp-json\/wp\/v2\/product_brand?post=3560"},{"taxonomy":"product_cat","embeddable":true,"href":"https:\/\/saharaessence.io\/ro\/wp-json\/wp\/v2\/product_cat?post=3560"},{"taxonomy":"product_tag","embeddable":true,"href":"https:\/\/saharaessence.io\/ro\/wp-json\/wp\/v2\/product_tag?post=3560"}],"curies":[{"name":"wp","href":"https:\/\/api.w.org\/{rel}","templated":true}]}}