{"id":3558,"date":"2026-01-29T11:25:30","date_gmt":"2026-01-29T11:25:30","guid":{"rendered":"https:\/\/saharaessence.io\/product\/everyday-glam-karaz\/"},"modified":"2026-01-29T11:25:30","modified_gmt":"2026-01-29T11:25:30","slug":"everyday-glam-karaz","status":"publish","type":"product","link":"https:\/\/saharaessence.io\/ro\/produs\/everyday-glam-karaz\/","title":{"rendered":"Everyday Glam &#8211; KARAZ"},"content":{"rendered":"<p><img fetchpriority=\"high\" decoding=\"async\" class=\"alignnone size-medium wp-image-3282\" src=\"https:\/\/saharaessence.io\/wp-content\/uploads\/2024\/01\/Karaz-Accord-300x300.png\" alt=\"\" width=\"300\" height=\"300\" srcset=\"https:\/\/saharaessence.io\/wp-content\/uploads\/2024\/01\/Karaz-Accord-300x300.png 300w, https:\/\/saharaessence.io\/wp-content\/uploads\/2024\/01\/Karaz-Accord-150x150.png 150w, https:\/\/saharaessence.io\/wp-content\/uploads\/2024\/01\/Karaz-Accord-768x768.png 768w, https:\/\/saharaessence.io\/wp-content\/uploads\/2024\/01\/Karaz-Accord-600x600.png 600w, https:\/\/saharaessence.io\/wp-content\/uploads\/2024\/01\/Karaz-Accord-100x100.png 100w, https:\/\/saharaessence.io\/wp-content\/uploads\/2024\/01\/Karaz-Accord.png 1024w\" sizes=\"(max-width: 300px) 100vw, 300px\" \/><\/p>\n","protected":false},"excerpt":{"rendered":"<h5><strong> EXTRAIT DE PARFUM<\/strong><\/h5>\n<h5>50ML \/ 1.7OZ (TRANSPORT GRATUIT ROMANIA<strong>)<\/strong><\/h5>\n<p data-start=\"115\" data-end=\"393\"><strong data-start=\"115\" data-end=\"124\">Karaz<\/strong> se simte vibrant, captivant \u0219i \u00eendr\u0103zne\u021b, cu \u00eencredere.<br data-start=\"172\" data-end=\"175\">Dulcea\u021ba suculent\u0103 a cire\u0219elor \u00eent\u00e2lne\u0219te note florale delicate \u0219i o profunzime cald\u0103, cre\u00e2nd un parfum juc\u0103u\u0219, dar rafinat. Este expresiv, modern \u0219i imposibil de ignorat \u2014 genul de parfum care atrage toate privirile f\u0103r\u0103 a se str\u0103dui prea mult.<\/p>\n<p data-start=\"395\" data-end=\"546\"><strong data-start=\"395\" data-end=\"417\">IMPACT:<\/strong><br data-start=\"417\" data-end=\"420\">\u00ce\u021bi \u00eembun\u0103t\u0103\u021be\u0219te starea de spirit, adaug\u0103 personalitate prezen\u021bei tale \u0219i face ca momentele de zi cu zi s\u0103 par\u0103 distractive, expresive \u0219i pline de caracter.<\/p>\n","protected":false},"featured_media":3554,"comment_status":"closed","ping_status":"closed","template":"","meta":[],"product_brand":[],"product_cat":[66],"product_tag":[],"class_list":{"0":"post-3558","1":"product","2":"type-product","3":"status-publish","4":"has-post-thumbnail","6":"product_cat-everyday-glam","8":"first","9":"instock","10":"taxable","11":"shipping-taxable","12":"purchasable","13":"product-type-simple"},"jetpack_sharing_enabled":true,"_links":{"self":[{"href":"https:\/\/saharaessence.io\/ro\/wp-json\/wp\/v2\/product\/3558","targetHints":{"allow":["GET"]}}],"collection":[{"href":"https:\/\/saharaessence.io\/ro\/wp-json\/wp\/v2\/product"}],"about":[{"href":"https:\/\/saharaessence.io\/ro\/wp-json\/wp\/v2\/types\/product"}],"replies":[{"embeddable":true,"href":"https:\/\/saharaessence.io\/ro\/wp-json\/wp\/v2\/comments?post=3558"}],"version-history":[{"count":0,"href":"https:\/\/saharaessence.io\/ro\/wp-json\/wp\/v2\/product\/3558\/revisions"}],"wp:featuredmedia":[{"embeddable":true,"href":"https:\/\/saharaessence.io\/ro\/wp-json\/wp\/v2\/media\/3554"}],"wp:attachment":[{"href":"https:\/\/saharaessence.io\/ro\/wp-json\/wp\/v2\/media?parent=3558"}],"wp:term":[{"taxonomy":"product_brand","embeddable":true,"href":"https:\/\/saharaessence.io\/ro\/wp-json\/wp\/v2\/product_brand?post=3558"},{"taxonomy":"product_cat","embeddable":true,"href":"https:\/\/saharaessence.io\/ro\/wp-json\/wp\/v2\/product_cat?post=3558"},{"taxonomy":"product_tag","embeddable":true,"href":"https:\/\/saharaessence.io\/ro\/wp-json\/wp\/v2\/product_tag?post=3558"}],"curies":[{"name":"wp","href":"https:\/\/api.w.org\/{rel}","templated":true}]}}