{"id":3552,"date":"2026-01-29T11:26:09","date_gmt":"2026-01-29T11:26:09","guid":{"rendered":"https:\/\/saharaessence.io\/product\/everyday-glam-shadow\/"},"modified":"2026-01-29T11:26:09","modified_gmt":"2026-01-29T11:26:09","slug":"everyday-glam-shadow","status":"publish","type":"product","link":"https:\/\/saharaessence.io\/ro\/produs\/everyday-glam-shadow\/","title":{"rendered":"Everyday Glam &#8211; Shadow"},"content":{"rendered":"<p><img fetchpriority=\"high\" decoding=\"async\" class=\"alignnone size-medium wp-image-3286\" src=\"https:\/\/saharaessence.io\/wp-content\/uploads\/2024\/01\/Shadow-Accord-300x300.png\" alt=\"\" width=\"300\" height=\"300\" srcset=\"https:\/\/saharaessence.io\/wp-content\/uploads\/2024\/01\/Shadow-Accord-300x300.png 300w, https:\/\/saharaessence.io\/wp-content\/uploads\/2024\/01\/Shadow-Accord-150x150.png 150w, https:\/\/saharaessence.io\/wp-content\/uploads\/2024\/01\/Shadow-Accord-768x768.png 768w, https:\/\/saharaessence.io\/wp-content\/uploads\/2024\/01\/Shadow-Accord-600x600.png 600w, https:\/\/saharaessence.io\/wp-content\/uploads\/2024\/01\/Shadow-Accord-100x100.png 100w, https:\/\/saharaessence.io\/wp-content\/uploads\/2024\/01\/Shadow-Accord.png 1024w\" sizes=\"(max-width: 300px) 100vw, 300px\" \/><\/p>\n","protected":false},"excerpt":{"rendered":"<h5><strong>EXTRAIT DE PARFUM<\/strong><\/h5>\n<h5>50ML \/ 1.7OZ (TRANSPORT GRATUIT ROMANIA<strong>)<\/strong><\/h5>\n<p data-start=\"103\" data-end=\"354\"><strong data-start=\"103\" data-end=\"113\">Shadow<\/strong> Se simte cald, profund \u0219i irezistibil de reconfortant.<br data-start=\"160\" data-end=\"163\">Vanilia cremoas\u0103 \u0219i chihlimbarul str\u0103lucesc u\u0219or cu note de condimente, cre\u00e2nd o dulcea\u021b\u0103 \u00eentunecat\u0103 \u0219i confortabil\u0103 care te \u00eenv\u0103luie. Este intim, misterios \u0219i discret captivant &#8211; niciodat\u0103 zgomotos, mereu prezent. <\/p>\n<p data-start=\"356\" data-end=\"507\"><strong data-start=\"356\" data-end=\"378\">IMPACT:<\/strong><br data-start=\"378\" data-end=\"381\">Aduce confort \u0219i \u00eencredere noaptea, f\u0103c\u00e2ndu-te s\u0103 te sim\u021bi cu picioarele pe p\u0103m\u00e2nt, atr\u0103g\u0103toare \u0219i memorabil\u0103 f\u0103r\u0103 efort \u00een \u00eent\u00e2lnirile apropiate.<\/p>\n","protected":false},"featured_media":3556,"comment_status":"closed","ping_status":"closed","template":"","meta":[],"product_brand":[],"product_cat":[66],"product_tag":[],"class_list":{"0":"post-3552","1":"product","2":"type-product","3":"status-publish","4":"has-post-thumbnail","6":"product_cat-everyday-glam","8":"first","9":"instock","10":"taxable","11":"shipping-taxable","12":"purchasable","13":"product-type-simple"},"jetpack_sharing_enabled":true,"_links":{"self":[{"href":"https:\/\/saharaessence.io\/ro\/wp-json\/wp\/v2\/product\/3552","targetHints":{"allow":["GET"]}}],"collection":[{"href":"https:\/\/saharaessence.io\/ro\/wp-json\/wp\/v2\/product"}],"about":[{"href":"https:\/\/saharaessence.io\/ro\/wp-json\/wp\/v2\/types\/product"}],"replies":[{"embeddable":true,"href":"https:\/\/saharaessence.io\/ro\/wp-json\/wp\/v2\/comments?post=3552"}],"version-history":[{"count":0,"href":"https:\/\/saharaessence.io\/ro\/wp-json\/wp\/v2\/product\/3552\/revisions"}],"wp:featuredmedia":[{"embeddable":true,"href":"https:\/\/saharaessence.io\/ro\/wp-json\/wp\/v2\/media\/3556"}],"wp:attachment":[{"href":"https:\/\/saharaessence.io\/ro\/wp-json\/wp\/v2\/media?parent=3552"}],"wp:term":[{"taxonomy":"product_brand","embeddable":true,"href":"https:\/\/saharaessence.io\/ro\/wp-json\/wp\/v2\/product_brand?post=3552"},{"taxonomy":"product_cat","embeddable":true,"href":"https:\/\/saharaessence.io\/ro\/wp-json\/wp\/v2\/product_cat?post=3552"},{"taxonomy":"product_tag","embeddable":true,"href":"https:\/\/saharaessence.io\/ro\/wp-json\/wp\/v2\/product_tag?post=3552"}],"curies":[{"name":"wp","href":"https:\/\/api.w.org\/{rel}","templated":true}]}}