{"id":3549,"date":"2026-01-30T09:51:22","date_gmt":"2026-01-30T09:51:22","guid":{"rendered":"https:\/\/saharaessence.io\/product\/everyday-glam-silk\/"},"modified":"2026-01-30T09:51:22","modified_gmt":"2026-01-30T09:51:22","slug":"everyday-glam-silk","status":"publish","type":"product","link":"https:\/\/saharaessence.io\/ro\/produs\/everyday-glam-silk\/","title":{"rendered":"Everyday Glam &#8211; Silk"},"content":{"rendered":"<p><img fetchpriority=\"high\" decoding=\"async\" class=\"alignnone size-medium wp-image-3288\" src=\"https:\/\/saharaessence.io\/wp-content\/uploads\/2024\/01\/Silk-Accord-300x300.png\" alt=\"\" width=\"300\" height=\"300\" srcset=\"https:\/\/saharaessence.io\/wp-content\/uploads\/2024\/01\/Silk-Accord-300x300.png 300w, https:\/\/saharaessence.io\/wp-content\/uploads\/2024\/01\/Silk-Accord-150x150.png 150w, https:\/\/saharaessence.io\/wp-content\/uploads\/2024\/01\/Silk-Accord-768x768.png 768w, https:\/\/saharaessence.io\/wp-content\/uploads\/2024\/01\/Silk-Accord-600x600.png 600w, https:\/\/saharaessence.io\/wp-content\/uploads\/2024\/01\/Silk-Accord-100x100.png 100w, https:\/\/saharaessence.io\/wp-content\/uploads\/2024\/01\/Silk-Accord.png 1024w\" sizes=\"(max-width: 300px) 100vw, 300px\" \/><\/p>\n","protected":false},"excerpt":{"rendered":"<h5><strong> EXTRAIT DE PARFUM<\/strong><\/h5>\n<h5>50ML \/ 1.7OZ (TRANSPORT GRATUIT ROMANIA<strong>)<\/strong><\/h5>\n<p data-start=\"122\" data-end=\"362\">SILK se simte u\u0219or, gra\u021bios \u0219i elegant f\u0103r\u0103 efort.<br data-start=\"179\" data-end=\"182\">Fructe moi \u0219i note florale delicate se topesc \u00eentr-o c\u0103ldur\u0103 fin\u0103, moscat\u0103, care se simte curat\u0103 \u0219i reconfortant\u0103 pe piele. Este subtil, dar rafinat &#8211; ca \u0219i cum ai purta \u00eencredere f\u0103r\u0103 a o ar\u0103ta. <\/p>\n<p data-start=\"364\" data-end=\"540\"><strong data-start=\"364\" data-end=\"386\">IMPACT:<\/strong><br data-start=\"386\" data-end=\"389\">Te face s\u0103 te sim\u021bi proasp\u0103t\u0103, elegant\u0103 \u0219i elegant\u0103 pe tot parcursul zilei, ideal\u0103 pentru serviciu, ie\u0219iri \u00een ora\u0219 \u0219i momente \u00een care vrei s\u0103 te sim\u021bi frumoas\u0103 \u00een lini\u0219te.<\/p>\n","protected":false},"featured_media":3550,"comment_status":"closed","ping_status":"closed","template":"","meta":[],"product_brand":[],"product_cat":[66],"product_tag":[],"class_list":{"0":"post-3549","1":"product","2":"type-product","3":"status-publish","4":"has-post-thumbnail","6":"product_cat-everyday-glam","8":"first","9":"instock","10":"taxable","11":"shipping-taxable","12":"purchasable","13":"product-type-simple"},"jetpack_sharing_enabled":true,"_links":{"self":[{"href":"https:\/\/saharaessence.io\/ro\/wp-json\/wp\/v2\/product\/3549","targetHints":{"allow":["GET"]}}],"collection":[{"href":"https:\/\/saharaessence.io\/ro\/wp-json\/wp\/v2\/product"}],"about":[{"href":"https:\/\/saharaessence.io\/ro\/wp-json\/wp\/v2\/types\/product"}],"replies":[{"embeddable":true,"href":"https:\/\/saharaessence.io\/ro\/wp-json\/wp\/v2\/comments?post=3549"}],"version-history":[{"count":0,"href":"https:\/\/saharaessence.io\/ro\/wp-json\/wp\/v2\/product\/3549\/revisions"}],"wp:featuredmedia":[{"embeddable":true,"href":"https:\/\/saharaessence.io\/ro\/wp-json\/wp\/v2\/media\/3550"}],"wp:attachment":[{"href":"https:\/\/saharaessence.io\/ro\/wp-json\/wp\/v2\/media?parent=3549"}],"wp:term":[{"taxonomy":"product_brand","embeddable":true,"href":"https:\/\/saharaessence.io\/ro\/wp-json\/wp\/v2\/product_brand?post=3549"},{"taxonomy":"product_cat","embeddable":true,"href":"https:\/\/saharaessence.io\/ro\/wp-json\/wp\/v2\/product_cat?post=3549"},{"taxonomy":"product_tag","embeddable":true,"href":"https:\/\/saharaessence.io\/ro\/wp-json\/wp\/v2\/product_tag?post=3549"}],"curies":[{"name":"wp","href":"https:\/\/api.w.org\/{rel}","templated":true}]}}