{"id":2660,"date":"2025-11-22T05:05:27","date_gmt":"2025-11-22T05:05:27","guid":{"rendered":"https:\/\/staging.saharaessence.io\/?post_type=product&#038;p=2660"},"modified":"2026-03-05T10:25:20","modified_gmt":"2026-03-05T10:25:20","slug":"rim-all-over-spray","status":"publish","type":"product","link":"https:\/\/saharaessence.io\/ro\/produs\/rim-all-over-spray\/","title":{"rendered":"RIM ALL OVER SPRAY"},"content":{"rendered":"<p><img fetchpriority=\"high\" decoding=\"async\" class=\"alignnone wp-image-3284 size-full\" src=\"https:\/\/saharaessence.io\/wp-content\/uploads\/2024\/01\/RIM-Accord.png\" alt=\"\" width=\"1024\" height=\"1024\" srcset=\"https:\/\/saharaessence.io\/wp-content\/uploads\/2024\/01\/RIM-Accord.png 1024w, https:\/\/saharaessence.io\/wp-content\/uploads\/2024\/01\/RIM-Accord-300x300.png 300w, https:\/\/saharaessence.io\/wp-content\/uploads\/2024\/01\/RIM-Accord-150x150.png 150w, https:\/\/saharaessence.io\/wp-content\/uploads\/2024\/01\/RIM-Accord-768x768.png 768w, https:\/\/saharaessence.io\/wp-content\/uploads\/2024\/01\/RIM-Accord-600x600.png 600w, https:\/\/saharaessence.io\/wp-content\/uploads\/2024\/01\/RIM-Accord-100x100.png 100w\" sizes=\"(max-width: 1024px) 100vw, 1024px\" \/><\/p>\n","protected":false},"excerpt":{"rendered":"<h5><strong> ALL OVER SPRAY<\/strong><\/h5>\n<h5>100ML\/3.4OZ<\/h5>\n<p data-start=\"155\" data-end=\"396\"><strong data-start=\"155\" data-end=\"162\">RIM<\/strong> se simte moale, vesel \u0219i reconfortant. Dulcea\u021ba fructat\u0103 se \u00eembin\u0103 cu vanilia cremoas\u0103 \u0219i lemnul delicat, cre\u00e2nd un parfum u\u0219or de purtat \u0219i instantaneu pl\u0103cut. Este u\u0219or, prietenos \u0219i pl\u0103cut f\u0103r\u0103 efort &#8211; niciodat\u0103 cople\u0219itor.. <\/p>\n<p data-start=\"398\" data-end=\"546\"><strong data-start=\"398\" data-end=\"420\">IMPACT:<\/strong><br data-start=\"420\" data-end=\"423\">\u00ce\u021bi \u00eembun\u0103t\u0103\u021be\u0219te starea de spirit, adaug\u0103 c\u0103ldur\u0103 zilei \u0219i \u00ee\u021bi ofer\u0103 un parfum fiabil, care te face s\u0103 te sim\u021bi bine, pe care \u00eel po\u021bi g\u0103si oric\u00e2nd \u0219i oriunde<\/p>\n<p>&nbsp;<\/p>\n","protected":false},"featured_media":3419,"comment_status":"closed","ping_status":"closed","template":"","meta":[],"product_brand":[],"product_cat":[61],"product_tag":[],"class_list":{"0":"post-2660","1":"product","2":"type-product","3":"status-publish","4":"has-post-thumbnail","6":"product_cat-all-over-spray","8":"first","9":"instock","10":"taxable","11":"shipping-taxable","12":"purchasable","13":"product-type-simple"},"jetpack_sharing_enabled":true,"_links":{"self":[{"href":"https:\/\/saharaessence.io\/ro\/wp-json\/wp\/v2\/product\/2660","targetHints":{"allow":["GET"]}}],"collection":[{"href":"https:\/\/saharaessence.io\/ro\/wp-json\/wp\/v2\/product"}],"about":[{"href":"https:\/\/saharaessence.io\/ro\/wp-json\/wp\/v2\/types\/product"}],"replies":[{"embeddable":true,"href":"https:\/\/saharaessence.io\/ro\/wp-json\/wp\/v2\/comments?post=2660"}],"version-history":[{"count":1,"href":"https:\/\/saharaessence.io\/ro\/wp-json\/wp\/v2\/product\/2660\/revisions"}],"predecessor-version":[{"id":3600,"href":"https:\/\/saharaessence.io\/ro\/wp-json\/wp\/v2\/product\/2660\/revisions\/3600"}],"wp:featuredmedia":[{"embeddable":true,"href":"https:\/\/saharaessence.io\/ro\/wp-json\/wp\/v2\/media\/3419"}],"wp:attachment":[{"href":"https:\/\/saharaessence.io\/ro\/wp-json\/wp\/v2\/media?parent=2660"}],"wp:term":[{"taxonomy":"product_brand","embeddable":true,"href":"https:\/\/saharaessence.io\/ro\/wp-json\/wp\/v2\/product_brand?post=2660"},{"taxonomy":"product_cat","embeddable":true,"href":"https:\/\/saharaessence.io\/ro\/wp-json\/wp\/v2\/product_cat?post=2660"},{"taxonomy":"product_tag","embeddable":true,"href":"https:\/\/saharaessence.io\/ro\/wp-json\/wp\/v2\/product_tag?post=2660"}],"curies":[{"name":"wp","href":"https:\/\/api.w.org\/{rel}","templated":true}]}}