{"id":2659,"date":"2025-11-22T05:05:27","date_gmt":"2025-11-22T05:05:27","guid":{"rendered":"https:\/\/staging.saharaessence.io\/?post_type=product&#038;p=2659"},"modified":"2026-03-05T10:27:21","modified_gmt":"2026-03-05T10:27:21","slug":"ice-all-over-spray-2","status":"publish","type":"product","link":"https:\/\/saharaessence.io\/ro\/produs\/ice-all-over-spray-2\/","title":{"rendered":"ICE ALL OVER SPRAY"},"content":{"rendered":"<p><img fetchpriority=\"high\" decoding=\"async\" class=\"alignnone wp-image-3280 size-full\" src=\"https:\/\/saharaessence.io\/wp-content\/uploads\/2024\/01\/ICE-Accord.png\" alt=\"\" width=\"1024\" height=\"1024\" srcset=\"https:\/\/saharaessence.io\/wp-content\/uploads\/2024\/01\/ICE-Accord.png 1024w, https:\/\/saharaessence.io\/wp-content\/uploads\/2024\/01\/ICE-Accord-300x300.png 300w, https:\/\/saharaessence.io\/wp-content\/uploads\/2024\/01\/ICE-Accord-150x150.png 150w, https:\/\/saharaessence.io\/wp-content\/uploads\/2024\/01\/ICE-Accord-768x768.png 768w, https:\/\/saharaessence.io\/wp-content\/uploads\/2024\/01\/ICE-Accord-600x600.png 600w, https:\/\/saharaessence.io\/wp-content\/uploads\/2024\/01\/ICE-Accord-100x100.png 100w\" sizes=\"(max-width: 1024px) 100vw, 1024px\" \/><\/p>\n","protected":false},"excerpt":{"rendered":"<h5><strong> ALL OVER SPRAY<\/strong><\/h5>\n<h5>100ML\/3.4oz<\/h5>\n<p data-start=\"151\" data-end=\"393\"><strong data-start=\"151\" data-end=\"158\">ICE<\/strong> are o senza\u021bie proasp\u0103t\u0103, curat\u0103 \u0219i revigorant\u0103. Notele str\u0103lucitoare de citrice \u0219i proaspete se reg\u0103sesc \u00eentr-o not\u0103 modern\u0103 \u0219i r\u0103coroas\u0103, cre\u00e2nd un parfum u\u0219or, revigorant \u0219i revigorant. Este ascu\u021bit f\u0103r\u0103 a fi aspru &#8211; claritate pur\u0103 sub form\u0103 de parfum<\/p>\n<p data-start=\"395\" data-end=\"597\"><strong data-start=\"395\" data-end=\"417\">IMPACT:<\/strong><br data-start=\"417\" data-end=\"420\">\u00ce\u021bi \u00eemprosp\u0103teaz\u0103 starea de spirit, \u00ee\u021bi stimuleaz\u0103 energia \u0219i te men\u021bine curat \u0219i \u00eencrez\u0103tor toat\u0103 ziua \u2014 perfect pentru vremea cald\u0103, zilele aglomerate \u0219i momentele \u00een care vrei s\u0103 te sim\u021bi ager \u0219i treaz.<\/p>\n","protected":false},"featured_media":3417,"comment_status":"closed","ping_status":"closed","template":"","meta":[],"product_brand":[],"product_cat":[61],"product_tag":[],"class_list":{"0":"post-2659","1":"product","2":"type-product","3":"status-publish","4":"has-post-thumbnail","6":"product_cat-all-over-spray","8":"first","9":"instock","10":"taxable","11":"shipping-taxable","12":"purchasable","13":"product-type-simple"},"jetpack_sharing_enabled":true,"_links":{"self":[{"href":"https:\/\/saharaessence.io\/ro\/wp-json\/wp\/v2\/product\/2659","targetHints":{"allow":["GET"]}}],"collection":[{"href":"https:\/\/saharaessence.io\/ro\/wp-json\/wp\/v2\/product"}],"about":[{"href":"https:\/\/saharaessence.io\/ro\/wp-json\/wp\/v2\/types\/product"}],"replies":[{"embeddable":true,"href":"https:\/\/saharaessence.io\/ro\/wp-json\/wp\/v2\/comments?post=2659"}],"version-history":[{"count":1,"href":"https:\/\/saharaessence.io\/ro\/wp-json\/wp\/v2\/product\/2659\/revisions"}],"predecessor-version":[{"id":3601,"href":"https:\/\/saharaessence.io\/ro\/wp-json\/wp\/v2\/product\/2659\/revisions\/3601"}],"wp:featuredmedia":[{"embeddable":true,"href":"https:\/\/saharaessence.io\/ro\/wp-json\/wp\/v2\/media\/3417"}],"wp:attachment":[{"href":"https:\/\/saharaessence.io\/ro\/wp-json\/wp\/v2\/media?parent=2659"}],"wp:term":[{"taxonomy":"product_brand","embeddable":true,"href":"https:\/\/saharaessence.io\/ro\/wp-json\/wp\/v2\/product_brand?post=2659"},{"taxonomy":"product_cat","embeddable":true,"href":"https:\/\/saharaessence.io\/ro\/wp-json\/wp\/v2\/product_cat?post=2659"},{"taxonomy":"product_tag","embeddable":true,"href":"https:\/\/saharaessence.io\/ro\/wp-json\/wp\/v2\/product_tag?post=2659"}],"curies":[{"name":"wp","href":"https:\/\/api.w.org\/{rel}","templated":true}]}}