{"id":1503,"date":"2024-01-23T21:43:37","date_gmt":"2024-01-23T21:43:37","guid":{"rendered":"https:\/\/staging.saharaessence.io\/product\/sandstorm-atat-de-bunincat-ar-trebui-sa-fie-ilegal\/"},"modified":"2026-03-29T07:49:23","modified_gmt":"2026-03-29T07:49:23","slug":"sandstorm-atat-de-bunincat-ar-trebui-sa-fie-ilegal","status":"publish","type":"product","link":"https:\/\/saharaessence.io\/ro\/produs\/sandstorm-atat-de-bunincat-ar-trebui-sa-fie-ilegal\/","title":{"rendered":"Sandstorm &#8211; At\u00e2t de Bun,Incat Ar Trebui S\u0103 Fie Ilegal"},"content":{"rendered":"<p><img fetchpriority=\"high\" decoding=\"async\" class=\"alignnone wp-image-3577 size-full\" src=\"https:\/\/saharaessence.io\/wp-content\/uploads\/2024\/01\/accord-sand-storm.png\" alt=\"\" width=\"1024\" height=\"1024\" srcset=\"https:\/\/saharaessence.io\/wp-content\/uploads\/2024\/01\/accord-sand-storm.png 1024w, https:\/\/saharaessence.io\/wp-content\/uploads\/2024\/01\/accord-sand-storm-300x300.png 300w, https:\/\/saharaessence.io\/wp-content\/uploads\/2024\/01\/accord-sand-storm-150x150.png 150w, https:\/\/saharaessence.io\/wp-content\/uploads\/2024\/01\/accord-sand-storm-768x768.png 768w, https:\/\/saharaessence.io\/wp-content\/uploads\/2024\/01\/accord-sand-storm-600x600.png 600w, https:\/\/saharaessence.io\/wp-content\/uploads\/2024\/01\/accord-sand-storm-100x100.png 100w, https:\/\/saharaessence.io\/wp-content\/uploads\/2024\/01\/accord-sand-storm-32x32.png 32w\" sizes=\"(max-width: 1024px) 100vw, 1024px\" \/><\/p>\n","protected":false},"excerpt":{"rendered":"<h5><strong> At\u00e2t de bun, ar trebui s\u0103 fie ilegal<\/strong><\/h5>\n<h5>200ml\/6.7oz (<strong>FREE SHIPPING)<\/strong><\/h5>\n<p data-start=\"179\" data-end=\"484\"><strong data-start=\"179\" data-end=\"192\">Sandstorm<\/strong> se simte puternic, \u00eencrez\u0103tor \u0219i magnetic.<br data-start=\"233\" data-end=\"236\">O avalan\u0219\u0103 cald\u0103 de condimente \u0219i oud \u00eenv\u0103luit\u0103 \u00eentr-o prospe\u021bime curat\u0103 \u2014 \u00eendr\u0103znea\u021b\u0103 f\u0103r\u0103 a fi greoaie.<\/p>\n<p> Este parfumul controlului, ambi\u021biei \u0219i autorit\u0103\u021bii t\u0103cute. Perfect\u0103 pentru zilele \u00een care vrei s\u0103 ie\u0219i \u00een eviden\u021b\u0103 f\u0103r\u0103 efort \u0219i pentru nop\u021bile \u00een care prezen\u021ba conteaz\u0103 mai mult dec\u00e2t cuvintele.<\/p>\n<p data-start=\"486\" data-end=\"613\"><strong data-start=\"486\" data-end=\"508\">IMPACT:<\/strong><br data-start=\"508\" data-end=\"511\">\u00ce\u021bi spore\u0219te \u00eencrederea, \u00ee\u021bi ascu\u021be\u0219te prezen\u021ba \u0219i las\u0103 o impresie de durat\u0103 f\u0103r\u0103 a depune prea mult efort.<\/p>\n","protected":false},"featured_media":3245,"comment_status":"closed","ping_status":"closed","template":"","meta":[],"product_brand":[],"product_cat":[44],"product_tag":[],"class_list":{"0":"post-1503","1":"product","2":"type-product","3":"status-publish","4":"has-post-thumbnail","6":"product_cat-perfume-ro","8":"first","9":"instock","10":"sale","11":"taxable","12":"shipping-taxable","13":"purchasable","14":"product-type-simple"},"jetpack_sharing_enabled":true,"_links":{"self":[{"href":"https:\/\/saharaessence.io\/ro\/wp-json\/wp\/v2\/product\/1503","targetHints":{"allow":["GET"]}}],"collection":[{"href":"https:\/\/saharaessence.io\/ro\/wp-json\/wp\/v2\/product"}],"about":[{"href":"https:\/\/saharaessence.io\/ro\/wp-json\/wp\/v2\/types\/product"}],"replies":[{"embeddable":true,"href":"https:\/\/saharaessence.io\/ro\/wp-json\/wp\/v2\/comments?post=1503"}],"version-history":[{"count":1,"href":"https:\/\/saharaessence.io\/ro\/wp-json\/wp\/v2\/product\/1503\/revisions"}],"predecessor-version":[{"id":3605,"href":"https:\/\/saharaessence.io\/ro\/wp-json\/wp\/v2\/product\/1503\/revisions\/3605"}],"wp:featuredmedia":[{"embeddable":true,"href":"https:\/\/saharaessence.io\/ro\/wp-json\/wp\/v2\/media\/3245"}],"wp:attachment":[{"href":"https:\/\/saharaessence.io\/ro\/wp-json\/wp\/v2\/media?parent=1503"}],"wp:term":[{"taxonomy":"product_brand","embeddable":true,"href":"https:\/\/saharaessence.io\/ro\/wp-json\/wp\/v2\/product_brand?post=1503"},{"taxonomy":"product_cat","embeddable":true,"href":"https:\/\/saharaessence.io\/ro\/wp-json\/wp\/v2\/product_cat?post=1503"},{"taxonomy":"product_tag","embeddable":true,"href":"https:\/\/saharaessence.io\/ro\/wp-json\/wp\/v2\/product_tag?post=1503"}],"curies":[{"name":"wp","href":"https:\/\/api.w.org\/{rel}","templated":true}]}}